{"id":307,"date":"2021-11-21T11:21:33","date_gmt":"2021-11-21T10:21:33","guid":{"rendered":"https:\/\/librairie.lestempssauvages.fr\/?page_id=307"},"modified":"2025-02-12T18:23:33","modified_gmt":"2025-02-12T17:23:33","slug":"infos","status":"publish","type":"page","link":"https:\/\/lestempssauvages.fr\/index.php\/infos\/","title":{"rendered":"Infos pratiques"},"content":{"rendered":"\n<p>La librairie est situ\u00e9e au 82 avenue de Grammont, entre la mairie de Tours et la place de la Libert\u00e9. Elle est ouverte du mardi au samedi, de 10h \u00e0 19h.<\/p>\n\n\n\n<p>Vous pouvez nous adresser toutes vos commandes par mail, t\u00e9l\u00e9phone, ou en passant par le site <a href=\"https:\/\/www.placedeslibraires.fr\">https:\/\/placedeslibraires.fr<\/a>. Si vous souhaitez faire un bon cadeau, c\u2019est possible et c\u2019est vous qui choisissez le montant (vous pouvez nous commander un bon cadeau \u00e0 distance en nous \u00e9crivant un mail).<\/p>\n\n\n\n<p>Inscrivez-vous \u00e0 <a href=\"https:\/\/lestempssauvages.fr\/index.php\/newsletter\/\">la newsletter<\/a> pour recevoir l&rsquo;actualit\u00e9 de la librairie dans votre bo\u00eete mail : rencontres, conseils de lectures, informations pratiques, etc. <\/p>\n\n\n\n<p>La librairie est plus ou moins pr\u00e9sente sur les r\u00e9seaux sociaux <a href=\"https:\/\/www.instagram.com\/lestempssauvages\/\">Instagram<\/a> et <a href=\"https:\/\/www.facebook.com\/Les-Temps-Sauvages-104213525647420\">Facebook<\/a>.<\/p>\n\n\n\n<p><\/p>\n\n\n\n<div class=\"wp-block-cover aligncenter wp-duotone-000000-ffffff-1\" style=\"padding-top:0px;padding-right:0px;padding-bottom:0px;padding-left:0px\"><span aria-hidden=\"true\" class=\"wp-block-cover__background has-ast-global-color-5-background-color has-background-dim-90 has-background-dim\"><\/span><div class=\"wp-block-cover__inner-container is-layout-flow wp-block-cover-is-layout-flow\">\n<iframe src=\"https:\/\/www.google.com\/maps\/embed?pb=!1m18!1m12!1m3!1d2701.4652532207624!2d0.6919489!3d47.383354499999996!2m3!1f0!2f0!3f0!3m2!1i1024!2i768!4f13.1!3m3!1m2!1s0x47fcd5cb8713ef97%3A0xf32028a2dadd4db2!2s82%20Av.%20de%20Grammont%2C%2037000%20Tours!5e0!3m2!1sfr!2sfr!4v1655153942802!5m2!1sfr!2sfr\" style=\"border:0;\" allowfullscreen=\"\" loading=\"lazy\" referrerpolicy=\"no-referrer-when-downgrade\" width=\"600\" height=\"450\"><\/iframe>\n<\/div><\/div>\n\n\n\n<p><\/p>\n\n\n\n<p><em>La librairie b\u00e9n\u00e9ficie du soutien de Ciclic Centre-Val de Loire, de la R\u00e9gion Centre-Val de Loire et de l\u2019\u00c9tat (CNL, Drac Centre-Val de Loire) dans le cadre de l\u2019aide \u00e0 la librairie et aux points de vente du livre.<\/em><\/p>\n\n\n\n<figure class=\"wp-block-image size-large\"><img loading=\"lazy\" decoding=\"async\" width=\"1024\" height=\"126\" src=\"https:\/\/lestempssauvages.fr\/wp-content\/uploads\/2024\/11\/Bloc-soutien-librairie-couleur-1024x126.jpg\" alt=\"\" class=\"wp-image-11289\" srcset=\"https:\/\/lestempssauvages.fr\/wp-content\/uploads\/2024\/11\/Bloc-soutien-librairie-couleur-1024x126.jpg 1024w, https:\/\/lestempssauvages.fr\/wp-content\/uploads\/2024\/11\/Bloc-soutien-librairie-couleur-300x37.jpg 300w, https:\/\/lestempssauvages.fr\/wp-content\/uploads\/2024\/11\/Bloc-soutien-librairie-couleur-768x95.jpg 768w, https:\/\/lestempssauvages.fr\/wp-content\/uploads\/2024\/11\/Bloc-soutien-librairie-couleur-1536x189.jpg 1536w, https:\/\/lestempssauvages.fr\/wp-content\/uploads\/2024\/11\/Bloc-soutien-librairie-couleur-2048x252.jpg 2048w, https:\/\/lestempssauvages.fr\/wp-content\/uploads\/2024\/11\/Bloc-soutien-librairie-couleur-1320x163.jpg 1320w\" sizes=\"auto, (max-width: 1024px) 100vw, 1024px\" \/><\/figure>\n","protected":false},"excerpt":{"rendered":"<p>La librairie est situ\u00e9e au 82 avenue de Grammont, entre la mairie de Tours et la place de la Libert\u00e9. Elle est ouverte du mardi au samedi, de 10h \u00e0 &hellip;<\/p>\n<p class=\"read-more\"> <a class=\"\" href=\"https:\/\/lestempssauvages.fr\/index.php\/infos\/\"> <span class=\"screen-reader-text\">Infos pratiques<\/span> Lire la suite\u00a0\u00bb<\/a><\/p>\n","protected":false},"author":1,"featured_media":0,"parent":0,"menu_order":0,"comment_status":"closed","ping_status":"closed","template":"","meta":{"site-sidebar-layout":"no-sidebar","site-content-layout":"","ast-site-content-layout":"default","site-content-style":"default","site-sidebar-style":"default","ast-global-header-display":"","ast-banner-title-visibility":"","ast-main-header-display":"","ast-hfb-above-header-display":"","ast-hfb-below-header-display":"","ast-hfb-mobile-header-display":"","site-post-title":"","ast-breadcrumbs-content":"","ast-featured-img":"","footer-sml-layout":"","theme-transparent-header-meta":"","adv-header-id-meta":"","stick-header-meta":"","header-above-stick-meta":"","header-main-stick-meta":"","header-below-stick-meta":"","astra-migrate-meta-layouts":"set","ngg_post_thumbnail":0,"_EventAllDay":false,"_EventTimezone":"","_EventStartDate":"","_EventEndDate":"","_EventStartDateUTC":"","_EventEndDateUTC":"","_EventShowMap":false,"_EventShowMapLink":false,"_EventURL":"","_EventCost":"","_EventCostDescription":"","_EventCurrencySymbol":"","_EventCurrencyCode":"","_EventCurrencyPosition":"","_EventDateTimeSeparator":"","_EventTimeRangeSeparator":"","_EventOrganizerID":[],"_EventVenueID":[],"_OrganizerEmail":"","_OrganizerPhone":"","_OrganizerWebsite":"","_VenueAddress":"","_VenueCity":"","_VenueCountry":"","_VenueProvince":"","_VenueState":"","_VenueZip":"","_VenuePhone":"","_VenueURL":"","_VenueStateProvince":"","_VenueLat":"","_VenueLng":"","_VenueShowMap":false,"_VenueShowMapLink":false,"footnotes":""},"class_list":["post-307","page","type-page","status-publish","hentry"],"aioseo_notices":[],"_links":{"self":[{"href":"https:\/\/lestempssauvages.fr\/index.php\/wp-json\/wp\/v2\/pages\/307","targetHints":{"allow":["GET"]}}],"collection":[{"href":"https:\/\/lestempssauvages.fr\/index.php\/wp-json\/wp\/v2\/pages"}],"about":[{"href":"https:\/\/lestempssauvages.fr\/index.php\/wp-json\/wp\/v2\/types\/page"}],"author":[{"embeddable":true,"href":"https:\/\/lestempssauvages.fr\/index.php\/wp-json\/wp\/v2\/users\/1"}],"replies":[{"embeddable":true,"href":"https:\/\/lestempssauvages.fr\/index.php\/wp-json\/wp\/v2\/comments?post=307"}],"version-history":[{"count":57,"href":"https:\/\/lestempssauvages.fr\/index.php\/wp-json\/wp\/v2\/pages\/307\/revisions"}],"predecessor-version":[{"id":11328,"href":"https:\/\/lestempssauvages.fr\/index.php\/wp-json\/wp\/v2\/pages\/307\/revisions\/11328"}],"wp:attachment":[{"href":"https:\/\/lestempssauvages.fr\/index.php\/wp-json\/wp\/v2\/media?parent=307"}],"curies":[{"name":"wp","href":"https:\/\/api.w.org\/{rel}","templated":true}]}}