{"id":10783,"date":"2022-06-13T23:19:36","date_gmt":"2022-06-13T21:19:36","guid":{"rendered":"https:\/\/lestempssauvages.fr\/?page_id=10783"},"modified":"2022-08-20T15:38:18","modified_gmt":"2022-08-20T13:38:18","slug":"newsletter","status":"publish","type":"page","link":"https:\/\/lestempssauvages.fr\/index.php\/newsletter\/","title":{"rendered":"Newsletter"},"content":{"rendered":"\n<p>Inscrivez-vous \u00e0 la newsletter pour recevoir l&rsquo;actualit\u00e9 de la librairie dans votre bo\u00eete mail : rencontres, conseils de lectures, informations pratiques, etc. <\/p>\n\n\n  \n  \n  <div class=\"\n    mailpoet_form_popup_overlay\n      \"><\/div>\n  <div\n    id=\"mailpoet_form_1\"\n    class=\"\n      mailpoet_form\n      mailpoet_form_html\n      mailpoet_form_position_\n      mailpoet_form_animation_\n    \"\n      >\n\n    <style type=\"text\/css\">\n     #mailpoet_form_1 .mailpoet_form {  }\n#mailpoet_form_1 form { margin-bottom: 0; }\n#mailpoet_form_1 p.mailpoet_form_paragraph { margin-bottom: 10px; }\n#mailpoet_form_1 .mailpoet_column_with_background { padding: 10px; }\n#mailpoet_form_1 .mailpoet_form_column:not(:first-child) { margin-left: 20px; }\n#mailpoet_form_1 .mailpoet_paragraph { line-height: 20px; margin-bottom: 20px; }\n#mailpoet_form_1 .mailpoet_segment_label, #mailpoet_form_1 .mailpoet_text_label, #mailpoet_form_1 .mailpoet_textarea_label, #mailpoet_form_1 .mailpoet_select_label, #mailpoet_form_1 .mailpoet_radio_label, #mailpoet_form_1 .mailpoet_checkbox_label, #mailpoet_form_1 .mailpoet_list_label, #mailpoet_form_1 .mailpoet_date_label { display: block; font-weight: normal; }\n#mailpoet_form_1 .mailpoet_text, #mailpoet_form_1 .mailpoet_textarea, #mailpoet_form_1 .mailpoet_select, #mailpoet_form_1 .mailpoet_date_month, #mailpoet_form_1 .mailpoet_date_day, #mailpoet_form_1 .mailpoet_date_year, #mailpoet_form_1 .mailpoet_date { display: block; }\n#mailpoet_form_1 .mailpoet_text, #mailpoet_form_1 .mailpoet_textarea { width: 200px; }\n#mailpoet_form_1 .mailpoet_checkbox {  }\n#mailpoet_form_1 .mailpoet_submit {  }\n#mailpoet_form_1 .mailpoet_divider {  }\n#mailpoet_form_1 .mailpoet_message {  }\n#mailpoet_form_1 .mailpoet_form_loading { width: 30px; text-align: center; line-height: normal; }\n#mailpoet_form_1 .mailpoet_form_loading > span { width: 5px; height: 5px; background-color: #5b5b5b; }\n#mailpoet_form_1 h2.mailpoet-heading { margin: 0 0 20px 0; }\n#mailpoet_form_1 h1.mailpoet-heading { margin: 0 0 10px; }#mailpoet_form_1{border-radius: 25px;text-align: center;}#mailpoet_form_1 form.mailpoet_form {padding: 30px;}#mailpoet_form_1{width: 100%;}#mailpoet_form_1 .mailpoet_message {margin: 0; padding: 0 20px;}\n        #mailpoet_form_1 .mailpoet_validate_success {color: #00d084}\n        #mailpoet_form_1 input.parsley-success {color: #00d084}\n        #mailpoet_form_1 select.parsley-success {color: #00d084}\n        #mailpoet_form_1 textarea.parsley-success {color: #00d084}\n      \n        #mailpoet_form_1 .mailpoet_validate_error {color: #cf2e2e}\n        #mailpoet_form_1 input.parsley-error {color: #cf2e2e}\n        #mailpoet_form_1 select.parsley-error {color: #cf2e2e}\n        #mailpoet_form_1 textarea.textarea.parsley-error {color: #cf2e2e}\n        #mailpoet_form_1 .parsley-errors-list {color: #cf2e2e}\n        #mailpoet_form_1 .parsley-required {color: #cf2e2e}\n        #mailpoet_form_1 .parsley-custom-error-message {color: #cf2e2e}\n      #mailpoet_form_1 .mailpoet_paragraph.last {margin-bottom: 0} @media (max-width: 500px) {#mailpoet_form_1 {background-image: none;}} @media (min-width: 500px) {#mailpoet_form_1 .last .mailpoet_paragraph:last-child {margin-bottom: 0}}  @media (max-width: 500px) {#mailpoet_form_1 .mailpoet_form_column:last-child .mailpoet_paragraph:last-child {margin-bottom: 0}} \n    <\/style>\n\n    <form\n      target=\"_self\"\n      method=\"post\"\n      action=\"https:\/\/lestempssauvages.fr\/wp-admin\/admin-post.php?action=mailpoet_subscription_form\"\n      class=\"mailpoet_form mailpoet_form_form mailpoet_form_html\"\n      novalidate\n      data-delay=\"\"\n      data-exit-intent-enabled=\"\"\n      data-font-family=\"\"\n      data-cookie-expiration-time=\"\"\n    >\n      <input type=\"hidden\" name=\"data[form_id]\" value=\"1\" \/>\n      <input type=\"hidden\" name=\"token\" value=\"66692b44ef\" \/>\n      <input type=\"hidden\" name=\"api_version\" value=\"v1\" \/>\n      <input type=\"hidden\" name=\"endpoint\" value=\"subscribers\" \/>\n      <input type=\"hidden\" name=\"mailpoet_method\" value=\"subscribe\" \/>\n\n      <label class=\"mailpoet_hp_email_label\" style=\"display: none !important;\">Veuillez laisser ce champ vide<input type=\"email\" name=\"data[email]\"\/><\/label><div class='mailpoet_spacer' style='height: 1px;'><\/div>\n<div class=\"mailpoet_paragraph \"><input type=\"email\" autocomplete=\"email\" class=\"mailpoet_text\" id=\"form_email_1\" name=\"data[form_field_NmFmMjRmNjdkZGFlX2VtYWls]\" title=\"Adresse e-mail\" value=\"\" style=\"width:100%;box-sizing:border-box;background-color:#f1f1f1;border-style:solid;border-radius:40px !important;border-width:0px;border-color:#313131;padding:15px;margin: 0 auto;font-family:&#039;Libre Franklin&#039;;font-size:16px;line-height:1.5;height:auto;\" data-automation-id=\"form_email\"  placeholder=\"Adresse e-mail *\" aria-label=\"Adresse e-mail *\" data-parsley-errors-container=\".mailpoet_error_17ti0\" data-parsley-required=\"true\" required aria-required=\"true\" data-parsley-minlength=\"6\" data-parsley-maxlength=\"150\" data-parsley-type-message=\"Cette valeur doit \u00eatre un e-mail valide.\" data-parsley-required-message=\"Ce champ est n\u00e9cessaire.\"\/><span class=\"mailpoet_error_17ti0\"><\/span><\/div>\n<div class=\"mailpoet_paragraph \"><input type=\"submit\" class=\"mailpoet_submit\" value=\"S&#039;inscrire\" data-automation-id=\"subscribe-submit-button\" data-font-family='Montserrat' style=\"width:100%;box-sizing:border-box;background-color:#b22417;border-style:solid;border-radius:40px !important;border-width:0px;border-color:#313131;padding:15px;margin: 0 auto;font-family:&#039;Montserrat&#039;;font-size:20px;line-height:1.5;height:auto;color:#ffffff;font-weight:bold;\" \/><span class=\"mailpoet_form_loading\"><span class=\"mailpoet_bounce1\"><\/span><span class=\"mailpoet_bounce2\"><\/span><span class=\"mailpoet_bounce3\"><\/span><\/span><\/div>\n\n      <div class=\"mailpoet_message\">\n        <p class=\"mailpoet_validate_success\"\n                style=\"display:none;\"\n                >V\u00e9rifiez votre boite de r\u00e9ception ou votre r\u00e9pertoire d\u2019ind\u00e9sirables pour confirmer votre abonnement.\n        <\/p>\n        <p class=\"mailpoet_validate_error\"\n                style=\"display:none;\"\n                >        <\/p>\n      <\/div>\n    <\/form>\n\n      <\/div>\n\n  ","protected":false},"excerpt":{"rendered":"<p>Inscrivez-vous \u00e0 la newsletter pour recevoir l&rsquo;actualit\u00e9 de la librairie dans votre bo\u00eete mail : rencontres, conseils de lectures, informations pratiques, etc.<\/p>\n","protected":false},"author":1,"featured_media":0,"parent":0,"menu_order":0,"comment_status":"closed","ping_status":"closed","template":"","meta":{"site-sidebar-layout":"default","site-content-layout":"","ast-site-content-layout":"","site-content-style":"default","site-sidebar-style":"default","ast-global-header-display":"","ast-banner-title-visibility":"","ast-main-header-display":"","ast-hfb-above-header-display":"","ast-hfb-below-header-display":"","ast-hfb-mobile-header-display":"","site-post-title":"","ast-breadcrumbs-content":"","ast-featured-img":"","footer-sml-layout":"","theme-transparent-header-meta":"","adv-header-id-meta":"","stick-header-meta":"","header-above-stick-meta":"","header-main-stick-meta":"","header-below-stick-meta":"","astra-migrate-meta-layouts":"","ngg_post_thumbnail":0,"_EventAllDay":false,"_EventTimezone":"","_EventStartDate":"","_EventEndDate":"","_EventStartDateUTC":"","_EventEndDateUTC":"","_EventShowMap":false,"_EventShowMapLink":false,"_EventURL":"","_EventCost":"","_EventCostDescription":"","_EventCurrencySymbol":"","_EventCurrencyCode":"","_EventCurrencyPosition":"","_EventDateTimeSeparator":"","_EventTimeRangeSeparator":"","_EventOrganizerID":[],"_EventVenueID":[],"_OrganizerEmail":"","_OrganizerPhone":"","_OrganizerWebsite":"","_VenueAddress":"","_VenueCity":"","_VenueCountry":"","_VenueProvince":"","_VenueState":"","_VenueZip":"","_VenuePhone":"","_VenueURL":"","_VenueStateProvince":"","_VenueLat":"","_VenueLng":"","_VenueShowMap":false,"_VenueShowMapLink":false,"footnotes":""},"class_list":["post-10783","page","type-page","status-publish","hentry"],"aioseo_notices":[],"_links":{"self":[{"href":"https:\/\/lestempssauvages.fr\/index.php\/wp-json\/wp\/v2\/pages\/10783","targetHints":{"allow":["GET"]}}],"collection":[{"href":"https:\/\/lestempssauvages.fr\/index.php\/wp-json\/wp\/v2\/pages"}],"about":[{"href":"https:\/\/lestempssauvages.fr\/index.php\/wp-json\/wp\/v2\/types\/page"}],"author":[{"embeddable":true,"href":"https:\/\/lestempssauvages.fr\/index.php\/wp-json\/wp\/v2\/users\/1"}],"replies":[{"embeddable":true,"href":"https:\/\/lestempssauvages.fr\/index.php\/wp-json\/wp\/v2\/comments?post=10783"}],"version-history":[{"count":2,"href":"https:\/\/lestempssauvages.fr\/index.php\/wp-json\/wp\/v2\/pages\/10783\/revisions"}],"predecessor-version":[{"id":10788,"href":"https:\/\/lestempssauvages.fr\/index.php\/wp-json\/wp\/v2\/pages\/10783\/revisions\/10788"}],"wp:attachment":[{"href":"https:\/\/lestempssauvages.fr\/index.php\/wp-json\/wp\/v2\/media?parent=10783"}],"curies":[{"name":"wp","href":"https:\/\/api.w.org\/{rel}","templated":true}]}}